{"id":50,"date":"2018-05-18T16:18:00","date_gmt":"2018-05-18T16:18:00","guid":{"rendered":"http:\/\/mantermantenimientos.es\/wordpress\/?page_id=50"},"modified":"2023-01-18T14:19:27","modified_gmt":"2023-01-18T14:19:27","slug":"calidad","status":"publish","type":"page","link":"https:\/\/mantermantenimientos.es\/?page_id=50","title":{"rendered":"Calidad"},"content":{"rendered":"\t\t<div data-elementor-type=\"wp-post\" data-elementor-id=\"50\" class=\"elementor elementor-50 elementor-bc-flex-widget\">\n\t\t\t\t\t\t<div class=\"elementor-inner\">\n\t\t\t\t<div class=\"elementor-section-wrap\">\n\t\t\t\t\t\t\t\t\t<section class=\"elementor-section elementor-top-section elementor-element elementor-element-ae06c7c elementor-section-stretched elementor-section-full_width elementor-section-height-default elementor-section-height-default\" data-id=\"ae06c7c\" data-element_type=\"section\" data-settings=\"{&quot;stretch_section&quot;:&quot;section-stretched&quot;}\">\n\t\t\t\t\t\t<div class=\"elementor-container elementor-column-gap-default\">\n\t\t\t\t\t\t\t<div class=\"elementor-row\">\n\t\t\t\t\t<div class=\"elementor-column elementor-col-100 elementor-top-column elementor-element elementor-element-3d893f6\" data-id=\"3d893f6\" data-element_type=\"column\">\n\t\t\t<div class=\"elementor-column-wrap elementor-element-populated\">\n\t\t\t\t\t\t\t<div class=\"elementor-widget-wrap\">\n\t\t\t\t\t\t<div class=\"elementor-element elementor-element-232fd4b elementor-widget elementor-widget-image\" data-id=\"232fd4b\" data-element_type=\"widget\" data-widget_type=\"image.default\">\n\t\t\t\t<div class=\"elementor-widget-container\">\n\t\t\t\t\t\t\t\t<div class=\"elementor-image\">\n\t\t\t\t\t\t\t\t\t\t\t\t<img decoding=\"async\" width=\"1920\" height=\"560\" src=\"https:\/\/mantermantenimientos.es\/wp-content\/uploads\/2018\/05\/startup-3373320_1920.png\" class=\"attachment-full size-full wp-image-71\" alt=\"\" loading=\"lazy\" srcset=\"https:\/\/mantermantenimientos.es\/wp-content\/uploads\/2018\/05\/startup-3373320_1920.png 1920w, https:\/\/mantermantenimientos.es\/wp-content\/uploads\/2018\/05\/startup-3373320_1920-300x88.png 300w, https:\/\/mantermantenimientos.es\/wp-content\/uploads\/2018\/05\/startup-3373320_1920-768x224.png 768w, https:\/\/mantermantenimientos.es\/wp-content\/uploads\/2018\/05\/startup-3373320_1920-1024x299.png 1024w\" sizes=\"(max-width: 1920px) 100vw, 1920px\" \/>\t\t\t\t\t\t\t\t\t\t\t\t\t\t<\/div>\n\t\t\t\t\t\t<\/div>\n\t\t\t\t<\/div>\n\t\t\t\t\t\t<\/div>\n\t\t\t\t\t<\/div>\n\t\t<\/div>\n\t\t\t\t\t\t\t\t<\/div>\n\t\t\t\t\t<\/div>\n\t\t<\/section>\n\t\t\t\t<section class=\"elementor-section elementor-top-section elementor-element elementor-element-38cc598 elementor-section-boxed elementor-section-height-default elementor-section-height-default\" data-id=\"38cc598\" data-element_type=\"section\">\n\t\t\t\t\t\t<div class=\"elementor-container elementor-column-gap-default\">\n\t\t\t\t\t\t\t<div class=\"elementor-row\">\n\t\t\t\t\t<div class=\"elementor-column elementor-col-100 elementor-top-column elementor-element elementor-element-a1bf2aa\" data-id=\"a1bf2aa\" data-element_type=\"column\">\n\t\t\t<div class=\"elementor-column-wrap elementor-element-populated\">\n\t\t\t\t\t\t\t<div class=\"elementor-widget-wrap\">\n\t\t\t\t\t\t<div class=\"elementor-element elementor-element-527c448 elementor-widget elementor-widget-heading\" data-id=\"527c448\" data-element_type=\"widget\" data-widget_type=\"heading.default\">\n\t\t\t\t<div class=\"elementor-widget-container\">\n\t\t\t<h2 class=\"elementor-heading-title elementor-size-default\">Pol\u00edtica de Calidad<\/h2>\t\t<\/div>\n\t\t\t\t<\/div>\n\t\t\t\t<div class=\"elementor-element elementor-element-ec2d3b9 elementor-widget elementor-widget-text-editor\" data-id=\"ec2d3b9\" data-element_type=\"widget\" data-widget_type=\"text-editor.default\">\n\t\t\t\t<div class=\"elementor-widget-container\">\n\t\t\t\t\t\t\t\t<div class=\"elementor-text-editor elementor-clearfix\">\n\t\t\t\t<p>\u00a0<\/p><p><strong>MANTER, <\/strong>es una empresa dedicada al mantenimiento e instalaci\u00f3n de calefacci\u00f3n y agua caliente sanitaria de cualquier tipo de energ\u00eda, y ha decidido implantar un Sistema de Gesti\u00f3n de Calidad basado en la norma ISO 9001 en su versi\u00f3n vigente, para mejorar el servicio que presta a sus clientes.<\/p><p>La Direcci\u00f3n de <strong>MANTER <\/strong>enfoca el Sistema de la Calidad como una manera de organizar el funcionamiento de la empresa partiendo de unos pilares b\u00e1sicos como son la Calidad de sus productos y servicios, la satisfacci\u00f3n del cliente y la mejora continua de la eficacia del Sistema. Para ello, el Sistema de Gesti\u00f3n de la Calidad de <strong>MANTER <\/strong>se basa en:<\/p><ul><li>La Calidad y su mejora son responsabilidad de todos los integrantes de la empresa empezando desde arriba.<\/li><li>La Calidad se obtiene planificando, ejecutando, revisando y mejorando el Sistema de Gesti\u00f3n, teniendo presente en todo momento el contexto de la organizaci\u00f3n, tanto interno como externo.<\/li><li>La Calidad est\u00e1 orientada hacia la Satisfacci\u00f3n de todos nuestros clientes (y partes interesadas), mediante el compromiso de toda la organizaci\u00f3n en cumplir con sus necesidades y requisitos, as\u00ed como los requisitos legales y reglamentarios y los propios de los productos.<\/li><li>La Calidad se apoya en la Mejora Continua tanto de los procesos productivos y de prestaci\u00f3n del servicio, como de la eficacia del Sistema de Gesti\u00f3n de la Calidad en el que prevenir los errores sea un aspecto fundamental.<\/li><li>La Calidad nos dirige a prestar la m\u00e1xima atenci\u00f3n a la evoluci\u00f3n tecnol\u00f3gica y a las posibles mejoras que las nuevas tecnolog\u00edas pusieran a nuestra disposici\u00f3n.<\/li><li>La Calidad requiere de la participaci\u00f3n y colaboraci\u00f3n de todos, por lo que esta Pol\u00edtica es difundida a todo el personal de la empresa para su conocimiento y comprensi\u00f3n.<\/li><\/ul><p>Para la aplicaci\u00f3n efectiva de estos principios, es absolutamente necesario el apoyo a los mismos tanto de Gerencia como de la plantilla.<\/p>\t\t\t\t\t<\/div>\n\t\t\t\t\t\t<\/div>\n\t\t\t\t<\/div>\n\t\t\t\t\t\t<\/div>\n\t\t\t\t\t<\/div>\n\t\t<\/div>\n\t\t\t\t\t\t\t\t<\/div>\n\t\t\t\t\t<\/div>\n\t\t<\/section>\n\t\t\t\t<section class=\"elementor-section elementor-top-section elementor-element elementor-element-ec91ecc elementor-section-boxed elementor-section-height-default elementor-section-height-default\" data-id=\"ec91ecc\" data-element_type=\"section\">\n\t\t\t\t\t\t<div class=\"elementor-container elementor-column-gap-default\">\n\t\t\t\t\t\t\t<div class=\"elementor-row\">\n\t\t\t\t\t<div class=\"elementor-column elementor-col-100 elementor-top-column elementor-element elementor-element-17a5ab1\" data-id=\"17a5ab1\" data-element_type=\"column\">\n\t\t\t<div class=\"elementor-column-wrap elementor-element-populated\">\n\t\t\t\t\t\t\t<div class=\"elementor-widget-wrap\">\n\t\t\t\t\t\t<div class=\"elementor-element elementor-element-fd64cbc elementor-widget elementor-widget-image\" data-id=\"fd64cbc\" data-element_type=\"widget\" data-widget_type=\"image.default\">\n\t\t\t\t<div class=\"elementor-widget-container\">\n\t\t\t\t\t\t\t\t<div class=\"elementor-image\">\n\t\t\t\t\t\t\t\t\t\t\t\t\t<a href=\"http:\/\/mantermantenimientos.es\/wordpress\/wp-content\/uploads\/2018\/05\/Pol%C3%ADticaCalidad.pdf\">\n\t\t\t\t\t\t\t<img decoding=\"async\" src=\"http:\/\/mantermantenimientos.es\/wordpress\/wp-content\/uploads\/2018\/05\/Politica-calidad-e1526660474121.jpg\" title=\"\" alt=\"\" loading=\"lazy\" \/>\t\t\t\t\t\t\t\t<\/a>\n\t\t\t\t\t\t\t\t\t\t\t\t\t\t<\/div>\n\t\t\t\t\t\t<\/div>\n\t\t\t\t<\/div>\n\t\t\t\t\t\t<\/div>\n\t\t\t\t\t<\/div>\n\t\t<\/div>\n\t\t\t\t\t\t\t\t<\/div>\n\t\t\t\t\t<\/div>\n\t\t<\/section>\n\t\t\t\t\t\t\t\t\t<\/div>\n\t\t\t<\/div>\n\t\t\t\t\t<\/div>\n\t\t","protected":false},"excerpt":{"rendered":"<p>Pol\u00edtica de Calidad MANTER, es una empresa dedicada al mantenimiento e instalaci\u00f3n de calefacci\u00f3n y agua caliente sanitaria de cualquier tipo de energ\u00eda, y ha decidido implantar un Sistema de Gesti\u00f3n de Calidad basado en la norma ISO 9001 en su versi\u00f3n vigente, para mejorar el servicio que presta a sus clientes. La Direcci\u00f3n de &#8230; <a title=\"Calidad\" class=\"read-more\" href=\"https:\/\/mantermantenimientos.es\/?page_id=50\">Read more<\/a><\/p>\n","protected":false},"author":1,"featured_media":0,"parent":0,"menu_order":0,"comment_status":"closed","ping_status":"closed","template":"","meta":{"generate_page_header":""},"yoast_head":"<!-- This site is optimized with the Yoast SEO plugin v19.14 - https:\/\/yoast.com\/wordpress\/plugins\/seo\/ -->\n<title>MANTENIMIENTO DE CALEFACCI\u00d3N EN PAMPLONA - MANTENIMIENTO DE CALDERAS EN PAMPLONA<\/title>\n<meta name=\"description\" content=\"MANTENIMIENTO DE CALEFACCI\u00d3N EN PAMPLONA - MANTENIMIENTO DE CALDERAS EN PAMPLONA\" \/>\n<meta name=\"robots\" content=\"index, follow, max-snippet:-1, max-image-preview:large, max-video-preview:-1\" \/>\n<link rel=\"canonical\" href=\"https:\/\/mantermantenimientos.es\/?page_id=50\" \/>\n<meta property=\"og:locale\" content=\"en_US\" \/>\n<meta property=\"og:type\" content=\"article\" \/>\n<meta property=\"og:title\" content=\"MANTENIMIENTO DE CALEFACCI\u00d3N EN PAMPLONA - MANTENIMIENTO DE CALDERAS EN PAMPLONA\" \/>\n<meta property=\"og:description\" content=\"MANTENIMIENTO DE CALEFACCI\u00d3N EN PAMPLONA - MANTENIMIENTO DE CALDERAS EN PAMPLONA\" \/>\n<meta property=\"og:url\" content=\"https:\/\/mantermantenimientos.es\/?page_id=50\" \/>\n<meta property=\"article:modified_time\" content=\"2023-01-18T14:19:27+00:00\" \/>\n<meta property=\"og:image\" content=\"http:\/\/mantermantenimientos.es\/wordpress\/wp-content\/uploads\/2018\/05\/startup-3373320_1920.png\" \/>\n<meta name=\"twitter:card\" content=\"summary_large_image\" \/>\n<meta name=\"twitter:label1\" content=\"Est. reading time\" \/>\n\t<meta name=\"twitter:data1\" content=\"2 minutes\" \/>\n<script type=\"application\/ld+json\" class=\"yoast-schema-graph\">{\"@context\":\"https:\/\/schema.org\",\"@graph\":[{\"@type\":\"WebPage\",\"@id\":\"https:\/\/mantermantenimientos.es\/?page_id=50\",\"url\":\"https:\/\/mantermantenimientos.es\/?page_id=50\",\"name\":\"MANTENIMIENTO DE CALEFACCI\u00d3N EN PAMPLONA - MANTENIMIENTO DE CALDERAS EN PAMPLONA\",\"isPartOf\":{\"@id\":\"https:\/\/mantermantenimientos.es\/#website\"},\"datePublished\":\"2018-05-18T16:18:00+00:00\",\"dateModified\":\"2023-01-18T14:19:27+00:00\",\"description\":\"MANTENIMIENTO DE CALEFACCI\u00d3N EN PAMPLONA - MANTENIMIENTO DE CALDERAS EN PAMPLONA\",\"breadcrumb\":{\"@id\":\"https:\/\/mantermantenimientos.es\/?page_id=50#breadcrumb\"},\"inLanguage\":\"en-US\",\"potentialAction\":[{\"@type\":\"ReadAction\",\"target\":[\"https:\/\/mantermantenimientos.es\/?page_id=50\"]}]},{\"@type\":\"BreadcrumbList\",\"@id\":\"https:\/\/mantermantenimientos.es\/?page_id=50#breadcrumb\",\"itemListElement\":[{\"@type\":\"ListItem\",\"position\":1,\"name\":\"Portada\",\"item\":\"https:\/\/mantermantenimientos.es\/\"},{\"@type\":\"ListItem\",\"position\":2,\"name\":\"Calidad\"}]},{\"@type\":\"WebSite\",\"@id\":\"https:\/\/mantermantenimientos.es\/#website\",\"url\":\"https:\/\/mantermantenimientos.es\/\",\"name\":\"\",\"description\":\"\",\"potentialAction\":[{\"@type\":\"SearchAction\",\"target\":{\"@type\":\"EntryPoint\",\"urlTemplate\":\"https:\/\/mantermantenimientos.es\/?s={search_term_string}\"},\"query-input\":\"required name=search_term_string\"}],\"inLanguage\":\"en-US\"}]}<\/script>\n<!-- \/ Yoast SEO plugin. -->","yoast_head_json":{"title":"MANTENIMIENTO DE CALEFACCI\u00d3N EN PAMPLONA - MANTENIMIENTO DE CALDERAS EN PAMPLONA","description":"MANTENIMIENTO DE CALEFACCI\u00d3N EN PAMPLONA - MANTENIMIENTO DE CALDERAS EN PAMPLONA","robots":{"index":"index","follow":"follow","max-snippet":"max-snippet:-1","max-image-preview":"max-image-preview:large","max-video-preview":"max-video-preview:-1"},"canonical":"https:\/\/mantermantenimientos.es\/?page_id=50","og_locale":"en_US","og_type":"article","og_title":"MANTENIMIENTO DE CALEFACCI\u00d3N EN PAMPLONA - MANTENIMIENTO DE CALDERAS EN PAMPLONA","og_description":"MANTENIMIENTO DE CALEFACCI\u00d3N EN PAMPLONA - MANTENIMIENTO DE CALDERAS EN PAMPLONA","og_url":"https:\/\/mantermantenimientos.es\/?page_id=50","article_modified_time":"2023-01-18T14:19:27+00:00","og_image":[{"url":"http:\/\/mantermantenimientos.es\/wordpress\/wp-content\/uploads\/2018\/05\/startup-3373320_1920.png"}],"twitter_card":"summary_large_image","twitter_misc":{"Est. reading time":"2 minutes"},"schema":{"@context":"https:\/\/schema.org","@graph":[{"@type":"WebPage","@id":"https:\/\/mantermantenimientos.es\/?page_id=50","url":"https:\/\/mantermantenimientos.es\/?page_id=50","name":"MANTENIMIENTO DE CALEFACCI\u00d3N EN PAMPLONA - MANTENIMIENTO DE CALDERAS EN PAMPLONA","isPartOf":{"@id":"https:\/\/mantermantenimientos.es\/#website"},"datePublished":"2018-05-18T16:18:00+00:00","dateModified":"2023-01-18T14:19:27+00:00","description":"MANTENIMIENTO DE CALEFACCI\u00d3N EN PAMPLONA - MANTENIMIENTO DE CALDERAS EN PAMPLONA","breadcrumb":{"@id":"https:\/\/mantermantenimientos.es\/?page_id=50#breadcrumb"},"inLanguage":"en-US","potentialAction":[{"@type":"ReadAction","target":["https:\/\/mantermantenimientos.es\/?page_id=50"]}]},{"@type":"BreadcrumbList","@id":"https:\/\/mantermantenimientos.es\/?page_id=50#breadcrumb","itemListElement":[{"@type":"ListItem","position":1,"name":"Portada","item":"https:\/\/mantermantenimientos.es\/"},{"@type":"ListItem","position":2,"name":"Calidad"}]},{"@type":"WebSite","@id":"https:\/\/mantermantenimientos.es\/#website","url":"https:\/\/mantermantenimientos.es\/","name":"","description":"","potentialAction":[{"@type":"SearchAction","target":{"@type":"EntryPoint","urlTemplate":"https:\/\/mantermantenimientos.es\/?s={search_term_string}"},"query-input":"required name=search_term_string"}],"inLanguage":"en-US"}]}},"_links":{"self":[{"href":"https:\/\/mantermantenimientos.es\/index.php?rest_route=\/wp\/v2\/pages\/50"}],"collection":[{"href":"https:\/\/mantermantenimientos.es\/index.php?rest_route=\/wp\/v2\/pages"}],"about":[{"href":"https:\/\/mantermantenimientos.es\/index.php?rest_route=\/wp\/v2\/types\/page"}],"author":[{"embeddable":true,"href":"https:\/\/mantermantenimientos.es\/index.php?rest_route=\/wp\/v2\/users\/1"}],"replies":[{"embeddable":true,"href":"https:\/\/mantermantenimientos.es\/index.php?rest_route=%2Fwp%2Fv2%2Fcomments&post=50"}],"version-history":[{"count":14,"href":"https:\/\/mantermantenimientos.es\/index.php?rest_route=\/wp\/v2\/pages\/50\/revisions"}],"predecessor-version":[{"id":204,"href":"https:\/\/mantermantenimientos.es\/index.php?rest_route=\/wp\/v2\/pages\/50\/revisions\/204"}],"wp:attachment":[{"href":"https:\/\/mantermantenimientos.es\/index.php?rest_route=%2Fwp%2Fv2%2Fmedia&parent=50"}],"curies":[{"name":"wp","href":"https:\/\/api.w.org\/{rel}","templated":true}]}}